{"id":1874,"date":"2021-04-23T12:41:35","date_gmt":"2021-04-23T10:41:35","guid":{"rendered":"https:\/\/tezet.pl\/?page_id=1874"},"modified":"2021-06-22T09:14:42","modified_gmt":"2021-06-22T07:14:42","slug":"dostawy-gazu","status":"publish","type":"page","link":"https:\/\/tezet.pl\/ru\/ogrzewanie\/dostawy-gazu\/","title":{"rendered":"\u041f\u043e\u0441\u0442\u0430\u0432\u043a\u0438 \u0433\u0430\u0437\u0430"},"content":{"rendered":"<div class=\"mb-32\">\n<h2>\u0413\u0430\u0437 \u0434\u043b\u044f \u043e\u0442\u043e\u043f\u043b\u0435\u043d\u0438\u044f<\/h2>\n<\/div>\n<p>\u041d\u0435\u043e\u0431\u0445\u043e\u0434\u0438\u043c\u043e \u043e\u0441\u0443\u0449\u0435\u0441\u0442\u0432\u043b\u044f\u0442\u044c \u0437\u0430\u043f\u0440\u0430\u0432\u043a\u0443 \u0442\u043e\u043b\u044c\u043a\u043e \u0447\u0438\u0441\u0442\u043e\u0433\u043e \u0442\u0435\u0445\u043d\u0438\u0447\u0435\u0441\u043a\u043e\u0433\u043e \u043f\u0440\u043e\u043f\u0430\u043d\u0430, \u0441\u043e\u043e\u0442\u0432\u0435\u0442\u0441\u0442\u0432\u0443\u044e\u0449\u0435\u0433\u043e \u0441\u0442\u0430\u043d\u0434\u0430\u0440\u0442\u0443 PN-82\/C-96000. \u0422\u043e\u043b\u044c\u043a\u043e \u044d\u0442\u043e\u0442 \u0433\u0430\u0437 \u043e\u0431\u0435\u0441\u043f\u0435\u0447\u0438\u0442 \u043f\u0440\u0430\u0432\u0438\u043b\u044c\u043d\u0443\u044e \u0431\u0435\u0437\u043e\u0442\u043a\u0430\u0437\u043d\u0443\u044e \u0440\u0430\u0431\u043e\u0442\u0443 \u0443\u0441\u0442\u0430\u043d\u043e\u0432\u043a\u0438 \u0432 \u043b\u044e\u0431\u043e\u0435 \u0432\u0440\u0435\u043c\u044f \u0433\u043e\u0434\u0430. \u041f\u0440\u043e\u043f\u0430\u043d \u0434\u043b\u044f \u043e\u0442\u043e\u043f\u043b\u0435\u043d\u0438\u044f \u0441\u043e\u0445\u0440\u0430\u043d\u044f\u0435\u0442 \u0441\u0432\u043e\u0438 \u0441\u0432\u043e\u0439\u0441\u0442\u0432\u0430 (\u0438\u0441\u043f\u0430\u0440\u044f\u0435\u0442\u0441\u044f) \u0434\u0430\u0436\u0435 \u043f\u0440\u0438 \u043e\u0447\u0435\u043d\u044c \u043d\u0438\u0437\u043a\u0438\u0445 \u0442\u0435\u043c\u043f\u0435\u0440\u0430\u0442\u0443\u0440\u0430\u0445 (\u0434\u043e -40\u00baC). \u042d\u0442\u043e \u043d\u0435 \u043e\u0442\u043d\u043e\u0441\u0438\u0442\u0441\u044f \u043a \u0441\u043c\u0435\u0441\u0438 \u043f\u0440\u043e\u043f\u0430\u043d\u0430 \u0438 \u0431\u0443\u0442\u0430\u043d\u0430. \u0411\u0443\u0442\u0430\u043d, \u043d\u0435\u0441\u043c\u043e\u0442\u0440\u044f \u043d\u0430 \u0431\u043e\u043b\u0435\u0435 \u0432\u044b\u0441\u043e\u043a\u0443\u044e \u0442\u0435\u043f\u043b\u043e\u0442\u0432\u043e\u0440\u043d\u0443\u044e \u0441\u043f\u043e\u0441\u043e\u0431\u043d\u043e\u0441\u0442\u044c \u043f\u043e \u0441\u0440\u0430\u0432\u043d\u0435\u043d\u0438\u044e \u0441 \u043f\u0440\u043e\u043f\u0430\u043d\u043e\u043c, \u043d\u0435 \u0438\u0441\u043f\u0430\u0440\u044f\u0435\u0442\u0441\u044f \u043f\u0440\u0438 \u0442\u0435\u043c\u043f\u0435\u0440\u0430\u0442\u0443\u0440\u0435 \u043d\u0438\u0436\u0435 0 \u00b0 C \u2013 \u044d\u0442\u043e \u043e\u0437\u043d\u0430\u0447\u0430\u0435\u0442, \u0447\u0442\u043e \u0432 \u0442\u0435\u0447\u0435\u043d\u0438\u0435 \u043e\u0442\u043e\u043f\u0438\u0442\u0435\u043b\u044c\u043d\u043e\u0433\u043e \u0441\u0435\u0437\u043e\u043d\u0430 \u0438\u0437 \u0440\u0435\u0437\u0435\u0440\u0432\u0443\u0430\u0440\u0430 \u0438\u0441\u043f\u0430\u0440\u0438\u0442\u0441\u044f \u0442\u043e\u043b\u044c\u043a\u043e \u043f\u0440\u043e\u043f\u0430\u043d, \u0430 \u0431\u0443\u0442\u0430\u043d \u043e\u0441\u0442\u0430\u043d\u0435\u0442\u0441\u044f. \u0412 \u0440\u0435\u0437\u0443\u043b\u044c\u0442\u0430\u0442\u0435 \u0433\u0430\u0437 \u0432 \u0431\u0430\u043b\u043b\u043e\u043d\u0435 \u0431\u0443\u0434\u0435\u0442 \u0431\u0435\u0441\u043f\u043e\u043b\u0435\u0437\u0435\u043d \u043f\u0440\u0438 \u043e\u0442\u0440\u0438\u0446\u0430\u0442\u0435\u043b\u044c\u043d\u044b\u0445 \u0442\u0435\u043c\u043f\u0435\u0440\u0430\u0442\u0443\u0440\u0430\u0445 \u2013 \u0438\u043c\u0435\u043d\u043d\u043e \u0442\u043e\u0433\u0434\u0430, \u043a\u043e\u0433\u0434\u0430 \u043e\u043d \u0431\u043e\u043b\u044c\u0448\u0435 \u0432\u0441\u0435\u0433\u043e \u043d\u0443\u0436\u0435\u043d.<\/p>\n<p class=\"image-style\"><img loading=\"lazy\" class=\"dotted-bcg\" src=\"http:\/\/tezet.pl\/wp-content\/uploads\/2020\/10\/Group-54-300x207.png\" alt=\"\" width=\"300\" height=\"207\" \/> <img loading=\"lazy\" class=\"alignnone\" style=\"width: 90%; height: auto;\" src=\"https:\/\/tezet.pl\/wp-content\/uploads\/2021\/01\/tezet_cmyk_optimized-1-scaled.jpg\" alt=\"Obrazek komiksowy przedstawiaj\u0105cy m\u0119\u017cczyzn\u0119 oraz kobiet\u0119 jad\u0105c\u0105 samochodem\" width=\"300\" height=\"187\" \/><\/p>\n<div class=\"mb-32\">\n<h2>\u0413\u0430\u0437 \u0434\u043b\u044f \u0442\u0435\u0445\u043d\u043e\u043b\u043e\u0433\u0438\u0447\u0435\u0441\u043a\u0438\u0445 \u0446\u0435\u043b\u0435\u0439<\/h2>\n<\/div>\n<p>\u041f\u043e \u0437\u0430\u043a\u0430\u0437\u0443 \u043a\u043b\u0438\u0435\u043d\u0442\u0430 \u043c\u044b \u043f\u043e\u0441\u0442\u0430\u0432\u043b\u044f\u0435\u043c \u043f\u0440\u043e\u043f\u0430\u043d-\u0431\u0443\u0442\u0430\u043d\u043e\u0432\u0443\u044e \u0441\u043c\u0435\u0441\u044c, \u0441\u043e\u043e\u0442\u0432\u0435\u0442\u0441\u0442\u0432\u0443\u044e\u0449\u0443\u044e \u0441\u0442\u0430\u043d\u0434\u0430\u0440\u0442\u0443 PN-EN 589, \u043f\u0440\u0438 \u0443\u0441\u043b\u043e\u0432\u0438\u0438, \u0447\u0442\u043e \u0441\u0438\u0441\u0442\u0435\u043c\u0430 \u043e\u0431\u043e\u0440\u0443\u0434\u043e\u0432\u0430\u043d\u0430 \u0438\u0441\u043f\u0430\u0440\u0438\u0442\u0435\u043b\u0435\u043c. \u0412 \u043f\u0440\u043e\u0442\u0438\u0432\u043d\u043e\u043c \u0441\u043b\u0443\u0447\u0430\u0435 \u043c\u044b \u0440\u0435\u043a\u043e\u043c\u0435\u043d\u0434\u0443\u0435\u043c \u0442\u043e\u043b\u044c\u043a\u043e \u0447\u0438\u0441\u0442\u044b\u0439 \u0442\u0435\u0445\u043d\u0438\u0447\u0435\u0441\u043a\u0438\u0439 \u043f\u0440\u043e\u043f\u0430\u043d.<br \/>\n\u041f\u0440\u0438\u043e\u0431\u0440\u0435\u0442\u0430\u044f \u0441\u0435\u0440\u0442\u0438\u0444\u0438\u0446\u0438\u0440\u043e\u0432\u0430\u043d\u043d\u044b\u0439 \u0433\u0430\u0437, \u0432\u044b \u043c\u043e\u0436\u0435\u0442\u0435 \u0431\u044b\u0442\u044c \u0443\u0432\u0435\u0440\u0435\u043d\u044b, \u0447\u0442\u043e \u043e\u043d \u0438\u043c\u0435\u0435\u0442 \u0442\u0440\u0435\u0431\u0443\u0435\u043c\u044b\u0439 \u0437\u0430\u043a\u043e\u043d\u043e\u043c \u0443\u0433\u043b\u0435\u0432\u043e\u0434\u043e\u0440\u043e\u0434\u043d\u044b\u0439 \u0441\u043e\u0441\u0442\u0430\u0432 \u2013 \u0442\u043e\u043b\u044c\u043a\u043e \u0442\u0430\u043a\u043e\u0439 \u0433\u0430\u0437 \u0433\u0430\u0440\u0430\u043d\u0442\u0438\u0440\u0443\u0435\u0442 \u044d\u0444\u0444\u0435\u043a\u0442\u0438\u0432\u043d\u043e\u0441\u0442\u044c \u0438 \u0431\u0435\u0437\u043e\u0442\u043a\u0430\u0437\u043d\u0443\u044e \u0440\u0430\u0431\u043e\u0442\u0443 \u0441\u0438\u0441\u0442\u0435\u043c\u044b.<\/p>\n","protected":false},"excerpt":{"rendered":"<p>\u0413\u0430\u0437 \u0434\u043b\u044f \u043e\u0442\u043e\u043f\u043b\u0435\u043d\u0438\u044f \u041d\u0435\u043e\u0431\u0445\u043e\u0434\u0438\u043c\u043e \u043e\u0441\u0443\u0449\u0435\u0441\u0442\u0432\u043b\u044f\u0442\u044c \u0437\u0430\u043f\u0440\u0430\u0432\u043a\u0443 \u0442\u043e\u043b\u044c\u043a\u043e \u0447\u0438\u0441\u0442\u043e\u0433\u043e \u0442\u0435\u0445\u043d\u0438\u0447\u0435\u0441\u043a\u043e\u0433\u043e \u043f\u0440\u043e\u043f\u0430\u043d\u0430, \u0441\u043e\u043e\u0442\u0432\u0435\u0442\u0441\u0442\u0432\u0443\u044e\u0449\u0435\u0433\u043e \u0441\u0442\u0430\u043d\u0434\u0430\u0440\u0442\u0443 PN-82\/C-96000. \u0422\u043e\u043b\u044c\u043a\u043e \u044d\u0442\u043e\u0442 \u0433\u0430\u0437 \u043e\u0431\u0435\u0441\u043f\u0435\u0447\u0438\u0442 \u043f\u0440\u0430\u0432\u0438\u043b\u044c\u043d\u0443\u044e \u0431\u0435\u0437\u043e\u0442\u043a\u0430\u0437\u043d\u0443\u044e \u0440\u0430\u0431\u043e\u0442\u0443 [&hellip;]<\/p>\n","protected":false},"author":1,"featured_media":1876,"parent":1861,"menu_order":0,"comment_status":"closed","ping_status":"closed","template":"tezet-templates\/dostawy-gazu.php","meta":[],"yoast_head":"<!-- This site is optimized with the Yoast SEO plugin v16.0.2 - https:\/\/yoast.com\/wordpress\/plugins\/seo\/ -->\n<title>TEZET - \u041f\u043e\u0441\u0442\u0430\u0432\u043a\u0438 \u0433\u0430\u0437\u0430<\/title>\n<link rel=\"canonical\" href=\"https:\/\/tezet.pl\/ru\/ogrzewanie\/dostawy-gazu\/\" \/>\n<meta property=\"og:locale\" content=\"ru_RU\" \/>\n<meta property=\"og:type\" content=\"article\" \/>\n<meta property=\"og:title\" content=\"TEZET - \u041f\u043e\u0441\u0442\u0430\u0432\u043a\u0438 \u0433\u0430\u0437\u0430\" \/>\n<meta property=\"og:description\" content=\"\u0413\u0430\u0437 \u0434\u043b\u044f \u043e\u0442\u043e\u043f\u043b\u0435\u043d\u0438\u044f \u041d\u0435\u043e\u0431\u0445\u043e\u0434\u0438\u043c\u043e \u043e\u0441\u0443\u0449\u0435\u0441\u0442\u0432\u043b\u044f\u0442\u044c \u0437\u0430\u043f\u0440\u0430\u0432\u043a\u0443 \u0442\u043e\u043b\u044c\u043a\u043e \u0447\u0438\u0441\u0442\u043e\u0433\u043e \u0442\u0435\u0445\u043d\u0438\u0447\u0435\u0441\u043a\u043e\u0433\u043e \u043f\u0440\u043e\u043f\u0430\u043d\u0430, \u0441\u043e\u043e\u0442\u0432\u0435\u0442\u0441\u0442\u0432\u0443\u044e\u0449\u0435\u0433\u043e \u0441\u0442\u0430\u043d\u0434\u0430\u0440\u0442\u0443 PN-82\/C-96000. \u0422\u043e\u043b\u044c\u043a\u043e \u044d\u0442\u043e\u0442 \u0433\u0430\u0437 \u043e\u0431\u0435\u0441\u043f\u0435\u0447\u0438\u0442 \u043f\u0440\u0430\u0432\u0438\u043b\u044c\u043d\u0443\u044e \u0431\u0435\u0437\u043e\u0442\u043a\u0430\u0437\u043d\u0443\u044e \u0440\u0430\u0431\u043e\u0442\u0443 [&hellip;]\" \/>\n<meta property=\"og:url\" content=\"https:\/\/tezet.pl\/ru\/ogrzewanie\/dostawy-gazu\/\" \/>\n<meta property=\"og:site_name\" content=\"TEZET\" \/>\n<meta property=\"article:publisher\" content=\"https:\/\/www.facebook.com\/ogrzewajpropanem\/\" \/>\n<meta property=\"article:modified_time\" content=\"2021-06-22T07:14:42+00:00\" \/>\n<meta property=\"og:image\" content=\"https:\/\/tezet.pl\/wp-content\/uploads\/2021\/03\/P9230052-2-scaled-1.jpg\" \/>\n\t<meta property=\"og:image:width\" content=\"2560\" \/>\n\t<meta property=\"og:image:height\" content=\"1920\" \/>\n<meta name=\"twitter:card\" content=\"summary_large_image\" \/>\n<script type=\"application\/ld+json\" class=\"yoast-schema-graph\">{\"@context\":\"https:\/\/schema.org\",\"@graph\":[{\"@type\":\"Organization\",\"@id\":\"https:\/\/tezet.pl\/#organization\",\"name\":\"TEZET\",\"url\":\"https:\/\/tezet.pl\/\",\"sameAs\":[\"https:\/\/www.facebook.com\/ogrzewajpropanem\/\",\"https:\/\/www.instagram.com\/ogrzewajpropanem\/\"],\"logo\":{\"@type\":\"ImageObject\",\"@id\":\"https:\/\/tezet.pl\/#logo\",\"inLanguage\":\"ru-RU\",\"url\":\"https:\/\/tezet.pl\/wp-content\/uploads\/2020\/09\/Favicon-1.png\",\"width\":500,\"height\":500,\"caption\":\"TEZET\"},\"image\":{\"@id\":\"https:\/\/tezet.pl\/#logo\"}},{\"@type\":\"WebSite\",\"@id\":\"https:\/\/tezet.pl\/#website\",\"url\":\"https:\/\/tezet.pl\/\",\"name\":\"TEZET\",\"description\":\"\",\"publisher\":{\"@id\":\"https:\/\/tezet.pl\/#organization\"},\"potentialAction\":[{\"@type\":\"SearchAction\",\"target\":\"https:\/\/tezet.pl\/?s={search_term_string}\",\"query-input\":\"required name=search_term_string\"}],\"inLanguage\":\"ru-RU\"},{\"@type\":\"ImageObject\",\"@id\":\"https:\/\/tezet.pl\/ru\/ogrzewanie\/dostawy-gazu\/#primaryimage\",\"inLanguage\":\"ru-RU\",\"url\":\"https:\/\/tezet.pl\/wp-content\/uploads\/2021\/03\/P9230052-2-scaled-1.jpg\",\"width\":2560,\"height\":1920,\"caption\":\"Zdj\\u0119cie ci\\u0119\\u017car\\u00f3wki TEZET z napisem \\\"Dostawy gazu\\\"\"},{\"@type\":\"WebPage\",\"@id\":\"https:\/\/tezet.pl\/ru\/ogrzewanie\/dostawy-gazu\/#webpage\",\"url\":\"https:\/\/tezet.pl\/ru\/ogrzewanie\/dostawy-gazu\/\",\"name\":\"TEZET - \\u041f\\u043e\\u0441\\u0442\\u0430\\u0432\\u043a\\u0438 \\u0433\\u0430\\u0437\\u0430\",\"isPartOf\":{\"@id\":\"https:\/\/tezet.pl\/#website\"},\"primaryImageOfPage\":{\"@id\":\"https:\/\/tezet.pl\/ru\/ogrzewanie\/dostawy-gazu\/#primaryimage\"},\"datePublished\":\"2021-04-23T10:41:35+00:00\",\"dateModified\":\"2021-06-22T07:14:42+00:00\",\"breadcrumb\":{\"@id\":\"https:\/\/tezet.pl\/ru\/ogrzewanie\/dostawy-gazu\/#breadcrumb\"},\"inLanguage\":\"ru-RU\",\"potentialAction\":[{\"@type\":\"ReadAction\",\"target\":[\"https:\/\/tezet.pl\/ru\/ogrzewanie\/dostawy-gazu\/\"]}]},{\"@type\":\"BreadcrumbList\",\"@id\":\"https:\/\/tezet.pl\/ru\/ogrzewanie\/dostawy-gazu\/#breadcrumb\",\"itemListElement\":[{\"@type\":\"ListItem\",\"position\":1,\"item\":{\"@type\":\"WebPage\",\"@id\":\"https:\/\/tezet.pl\/ru\/\",\"url\":\"https:\/\/tezet.pl\/ru\/\",\"name\":\"Strona g\\u0142\\u00f3wna\"}},{\"@type\":\"ListItem\",\"position\":2,\"item\":{\"@type\":\"WebPage\",\"@id\":\"https:\/\/tezet.pl\/ru\/ogrzewanie\/\",\"url\":\"https:\/\/tezet.pl\/ru\/ogrzewanie\/\",\"name\":\"\\u041e\\u0442\\u043e\\u043f\\u043b\\u0435\\u043d\\u0438\\u0435\"}},{\"@type\":\"ListItem\",\"position\":3,\"item\":{\"@type\":\"WebPage\",\"@id\":\"https:\/\/tezet.pl\/ru\/ogrzewanie\/dostawy-gazu\/\",\"url\":\"https:\/\/tezet.pl\/ru\/ogrzewanie\/dostawy-gazu\/\",\"name\":\"\\u041f\\u043e\\u0441\\u0442\\u0430\\u0432\\u043a\\u0438 \\u0433\\u0430\\u0437\\u0430\"}}]}]}<\/script>\n<!-- \/ Yoast SEO plugin. -->","_links":{"self":[{"href":"https:\/\/tezet.pl\/ru\/wp-json\/wp\/v2\/pages\/1874"}],"collection":[{"href":"https:\/\/tezet.pl\/ru\/wp-json\/wp\/v2\/pages"}],"about":[{"href":"https:\/\/tezet.pl\/ru\/wp-json\/wp\/v2\/types\/page"}],"author":[{"embeddable":true,"href":"https:\/\/tezet.pl\/ru\/wp-json\/wp\/v2\/users\/1"}],"replies":[{"embeddable":true,"href":"https:\/\/tezet.pl\/ru\/wp-json\/wp\/v2\/comments?post=1874"}],"version-history":[{"count":2,"href":"https:\/\/tezet.pl\/ru\/wp-json\/wp\/v2\/pages\/1874\/revisions"}],"predecessor-version":[{"id":1883,"href":"https:\/\/tezet.pl\/ru\/wp-json\/wp\/v2\/pages\/1874\/revisions\/1883"}],"up":[{"embeddable":true,"href":"https:\/\/tezet.pl\/ru\/wp-json\/wp\/v2\/pages\/1861"}],"wp:featuredmedia":[{"embeddable":true,"href":"https:\/\/tezet.pl\/ru\/wp-json\/wp\/v2\/media\/1876"}],"wp:attachment":[{"href":"https:\/\/tezet.pl\/ru\/wp-json\/wp\/v2\/media?parent=1874"}],"curies":[{"name":"wp","href":"https:\/\/api.w.org\/{rel}","templated":true}]}}