{"id":1557,"date":"2020-10-05T15:35:38","date_gmt":"2020-10-05T13:35:38","guid":{"rendered":"https:\/\/tezet.pl\/ogrzewanie\/dostawy-gazu\/"},"modified":"2023-07-26T09:58:19","modified_gmt":"2023-07-26T07:58:19","slug":"dostawy-gazu","status":"publish","type":"page","link":"https:\/\/tezet.pl\/en\/ogrzewanie\/dostawy-gazu\/","title":{"rendered":"Gas supply"},"content":{"rendered":"<div class=\"mb-32\">\n<h2>Gas for heating purposes<\/h2>\n<\/div>\n<p>Only pure technical propane complying with the PN-82\/C-96000 standard should be refuelled. Only this gas will ensure proper, failure-free operation of the system at any time of the year. Propane for heating purposes retains its properties (evaporates) even at very low temperatures (down to -40\u00b0C). The situation is different for a mixture of propane and butane. Butane, despite its higher calorific value compared to propane, does not evaporate at temperatures below 0\u00b0C &#8211; this means that during the heating season, only propane will evaporate from the tank, and butane will remain. As a result, the gas will be present in the tank, but it will be useless at temperatures below zero &#8211; that is, when you need it most.<\/p>\n<p class=\"image-style\"><img loading=\"lazy\" class=\"dotted-bcg\" src=\"http:\/\/tezet.pl\/wp-content\/uploads\/2020\/10\/Group-54-300x207.png\" alt=\"\" width=\"300\" height=\"207\" \/> <img loading=\"lazy\" class=\"alignnone\" style=\"width: 90%; height: auto;\" src=\"https:\/\/tezet.pl\/wp-content\/uploads\/2021\/01\/tezet_cmyk_optimized-1-scaled.jpg\" alt=\"Obrazek komiksowy przedstawiaj\u0105cy m\u0119\u017cczyzn\u0119 oraz kobiet\u0119 jad\u0105c\u0105 samochodem\" width=\"300\" height=\"187\" \/><\/p>\n<div class=\"mb-32\">\n<h2>Gas for technological purposes<\/h2>\n<\/div>\n<p>On request, we deliver propane-butane mixtures complying with the PN-EN 589 standard, provided that the installation is equipped with an evaporator. Otherwise, we only recommend pure technical propane.<br \/>\nBy purchasing certified gas you can be sure that it has the required hydrocarbon composition &#8211; only such gas guarantees the efficiency and failure-free operation of the plant.<\/p>\n","protected":false},"excerpt":{"rendered":"<p>Gas for heating purposes Only pure technical propane complying with the PN-82\/C-96000 standard should be refuelled. Only this gas will [&hellip;]<\/p>\n","protected":false},"author":1,"featured_media":1558,"parent":1544,"menu_order":0,"comment_status":"closed","ping_status":"closed","template":"tezet-templates\/dostawy-gazu.php","meta":[],"yoast_head":"<!-- This site is optimized with the Yoast SEO plugin v16.0.2 - https:\/\/yoast.com\/wordpress\/plugins\/seo\/ -->\n<title>TEZET - Gas supply<\/title>\n<link rel=\"canonical\" href=\"https:\/\/tezet.pl\/en\/ogrzewanie\/dostawy-gazu\/\" \/>\n<meta property=\"og:locale\" content=\"en_US\" \/>\n<meta property=\"og:type\" content=\"article\" \/>\n<meta property=\"og:title\" content=\"TEZET - Gas supply\" \/>\n<meta property=\"og:description\" content=\"Gas for heating purposes Only pure technical propane complying with the PN-82\/C-96000 standard should be refuelled. Only this gas will [&hellip;]\" \/>\n<meta property=\"og:url\" content=\"https:\/\/tezet.pl\/en\/ogrzewanie\/dostawy-gazu\/\" \/>\n<meta property=\"og:site_name\" content=\"TEZET\" \/>\n<meta property=\"article:publisher\" content=\"https:\/\/www.facebook.com\/ogrzewajpropanem\/\" \/>\n<meta property=\"article:modified_time\" content=\"2023-07-26T07:58:19+00:00\" \/>\n<meta property=\"og:image\" content=\"https:\/\/tezet.pl\/wp-content\/uploads\/2021\/03\/P9230052-2-scaled-1.jpg\" \/>\n\t<meta property=\"og:image:width\" content=\"2560\" \/>\n\t<meta property=\"og:image:height\" content=\"1920\" \/>\n<meta name=\"twitter:card\" content=\"summary_large_image\" \/>\n<meta name=\"twitter:label1\" content=\"Est. reading time\">\n\t<meta name=\"twitter:data1\" content=\"1 minute\">\n<script type=\"application\/ld+json\" class=\"yoast-schema-graph\">{\"@context\":\"https:\/\/schema.org\",\"@graph\":[{\"@type\":\"Organization\",\"@id\":\"https:\/\/tezet.pl\/#organization\",\"name\":\"TEZET\",\"url\":\"https:\/\/tezet.pl\/\",\"sameAs\":[\"https:\/\/www.facebook.com\/ogrzewajpropanem\/\",\"https:\/\/www.instagram.com\/ogrzewajpropanem\/\"],\"logo\":{\"@type\":\"ImageObject\",\"@id\":\"https:\/\/tezet.pl\/#logo\",\"inLanguage\":\"en-US\",\"url\":\"https:\/\/tezet.pl\/wp-content\/uploads\/2020\/09\/Favicon-1.png\",\"width\":500,\"height\":500,\"caption\":\"TEZET\"},\"image\":{\"@id\":\"https:\/\/tezet.pl\/#logo\"}},{\"@type\":\"WebSite\",\"@id\":\"https:\/\/tezet.pl\/#website\",\"url\":\"https:\/\/tezet.pl\/\",\"name\":\"TEZET\",\"description\":\"\",\"publisher\":{\"@id\":\"https:\/\/tezet.pl\/#organization\"},\"potentialAction\":[{\"@type\":\"SearchAction\",\"target\":\"https:\/\/tezet.pl\/?s={search_term_string}\",\"query-input\":\"required name=search_term_string\"}],\"inLanguage\":\"en-US\"},{\"@type\":\"ImageObject\",\"@id\":\"https:\/\/tezet.pl\/en\/ogrzewanie\/dostawy-gazu\/#primaryimage\",\"inLanguage\":\"en-US\",\"url\":\"https:\/\/tezet.pl\/wp-content\/uploads\/2021\/03\/P9230052-2-scaled-1.jpg\",\"width\":2560,\"height\":1920,\"caption\":\"Zdj\\u0119cie ci\\u0119\\u017car\\u00f3wki TEZET z napisem \\\"Dostawy gazu\\\"\"},{\"@type\":\"WebPage\",\"@id\":\"https:\/\/tezet.pl\/en\/ogrzewanie\/dostawy-gazu\/#webpage\",\"url\":\"https:\/\/tezet.pl\/en\/ogrzewanie\/dostawy-gazu\/\",\"name\":\"TEZET - Gas supply\",\"isPartOf\":{\"@id\":\"https:\/\/tezet.pl\/#website\"},\"primaryImageOfPage\":{\"@id\":\"https:\/\/tezet.pl\/en\/ogrzewanie\/dostawy-gazu\/#primaryimage\"},\"datePublished\":\"2020-10-05T13:35:38+00:00\",\"dateModified\":\"2023-07-26T07:58:19+00:00\",\"breadcrumb\":{\"@id\":\"https:\/\/tezet.pl\/en\/ogrzewanie\/dostawy-gazu\/#breadcrumb\"},\"inLanguage\":\"en-US\",\"potentialAction\":[{\"@type\":\"ReadAction\",\"target\":[\"https:\/\/tezet.pl\/en\/ogrzewanie\/dostawy-gazu\/\"]}]},{\"@type\":\"BreadcrumbList\",\"@id\":\"https:\/\/tezet.pl\/en\/ogrzewanie\/dostawy-gazu\/#breadcrumb\",\"itemListElement\":[{\"@type\":\"ListItem\",\"position\":1,\"item\":{\"@type\":\"WebPage\",\"@id\":\"https:\/\/tezet.pl\/en\/\",\"url\":\"https:\/\/tezet.pl\/en\/\",\"name\":\"Home\"}},{\"@type\":\"ListItem\",\"position\":2,\"item\":{\"@type\":\"WebPage\",\"@id\":\"https:\/\/tezet.pl\/en\/ogrzewanie\/\",\"url\":\"https:\/\/tezet.pl\/en\/ogrzewanie\/\",\"name\":\"Heating\"}},{\"@type\":\"ListItem\",\"position\":3,\"item\":{\"@type\":\"WebPage\",\"@id\":\"https:\/\/tezet.pl\/en\/ogrzewanie\/dostawy-gazu\/\",\"url\":\"https:\/\/tezet.pl\/en\/ogrzewanie\/dostawy-gazu\/\",\"name\":\"Gas supply\"}}]}]}<\/script>\n<!-- \/ Yoast SEO plugin. -->","_links":{"self":[{"href":"https:\/\/tezet.pl\/en\/wp-json\/wp\/v2\/pages\/1557"}],"collection":[{"href":"https:\/\/tezet.pl\/en\/wp-json\/wp\/v2\/pages"}],"about":[{"href":"https:\/\/tezet.pl\/en\/wp-json\/wp\/v2\/types\/page"}],"author":[{"embeddable":true,"href":"https:\/\/tezet.pl\/en\/wp-json\/wp\/v2\/users\/1"}],"replies":[{"embeddable":true,"href":"https:\/\/tezet.pl\/en\/wp-json\/wp\/v2\/comments?post=1557"}],"version-history":[{"count":3,"href":"https:\/\/tezet.pl\/en\/wp-json\/wp\/v2\/pages\/1557\/revisions"}],"predecessor-version":[{"id":2511,"href":"https:\/\/tezet.pl\/en\/wp-json\/wp\/v2\/pages\/1557\/revisions\/2511"}],"up":[{"embeddable":true,"href":"https:\/\/tezet.pl\/en\/wp-json\/wp\/v2\/pages\/1544"}],"wp:featuredmedia":[{"embeddable":true,"href":"https:\/\/tezet.pl\/en\/wp-json\/wp\/v2\/media\/1558"}],"wp:attachment":[{"href":"https:\/\/tezet.pl\/en\/wp-json\/wp\/v2\/media?parent=1557"}],"curies":[{"name":"wp","href":"https:\/\/api.w.org\/{rel}","templated":true}]}}