{"id":1544,"date":"2020-10-02T15:58:02","date_gmt":"2020-10-02T13:58:02","guid":{"rendered":"https:\/\/tezet.pl\/ogrzewanie\/"},"modified":"2024-04-22T07:33:05","modified_gmt":"2024-04-22T05:33:05","slug":"ogrzewanie","status":"publish","type":"page","link":"https:\/\/tezet.pl\/en\/ogrzewanie\/","title":{"rendered":"Heating"},"content":{"rendered":"<div style=\"margin-bottom: 64px;\">\n<h2 class=\"customUnderline\">Liquid gas (PROPAN) is an excellent source of energy for your home, office or business.<\/h2>\n<\/div>\n<p class=\"image-style\"><img loading=\"lazy\" class=\"aligncenter wp-image-335 size-medium\" style=\"width: 90%; height: auto;\" src=\"https:\/\/tezet.pl\/wp-content\/uploads\/2021\/01\/TEZET_v1.jpg\" alt=\"Obrazek komiksowy przedstawiaj\u0105cy Czerwonego kapturka pytaj\u0105cego babci\u0119 &quot;Dlaczego ma taki du\u017cy zbiornik&quot;\" width=\"300\" height=\"198\" \/> <img class=\"dotted-bcg\" src=\"\/wp-content\/uploads\/2020\/10\/Group-350.png\" alt=\"dot\" \/><\/p>\n<div style=\"margin-bottom: 40px;\">\n<h2 class=\"customUnderline\">Why use liquid gas?<\/h2>\n<\/div>\n<p><strong><span style=\"color: #088c52;\">Convenient and fully maintenance-free<\/span><\/strong><\/p>\n<p>Modern boilers enable trouble-free and maintenance-free heating &#8211; all you need to do is set the desired heating parameters. A gas tank is sufficient for several months, during which there is no need to fuel the furnace or keep an eye on the controls. Saved space &#8211; gas boilers are smaller than heating oil boilers and coal boilers. No dirt and dust associated with storing coal in the boiler room. Versatile use &#8211; one system will provide your home\/office with heat, hot water and the possibility of cooking once a gas cooker is connected. A system made and maintained by an experienced service technician is completely safe.<\/p>\n<p><strong><span style=\"color: #088c52;\">Accessible and cost-effective<\/span><\/strong><\/p>\n<p>Liquid gas can be supplied virtually anywhere where there is no access to mains natural gas. It is also a good temporary solution if the natural gas supplier declares the possibility of connection to the network in a few years &#8211; it is enough to replace the nozzles in the gas boiler. Liquid gas can be used in single- and multi-family houses, in housing estates, in agriculture (poultry houses, drying facilities), in industry (production halls, technological equipment). Heating with liquid gas is not expensive! It is cost-effective compared to solid fuels (coal, pellet or eco-pea coal) and definitely cheaper than electrical heating or fuel oil.<\/p>\n<p><strong><span style=\"color: #088c52;\"> Clean and eco-friendly<\/span><\/strong><\/p>\n<p>Constantly increasing air pollution makes it necessary for each of us to take pro-ecological actions in our everyday lives. The choice of the method for heating the house is one of the most important ways of improving the air condition, reducing smog and the emission of harmful gases.<br \/>\nLiquid gas is a clean and environmentally safe fuel &#8211; during combustion of liquid gas significantly smaller amounts of carbon dioxide, sulphur dioxide, nitrogen oxides, soot and ash are emitted than in the case of other fuels. Gas also limits the build-up of the greenhouse effect &#8211; the emission of carbon dioxide is twice as low as in the case of solid fuels.<\/p>\n","protected":false},"excerpt":{"rendered":"<p>Liquid gas (PROPAN) is an excellent source of energy for your home, office or business. Why use liquid gas? Convenient [&hellip;]<\/p>\n","protected":false},"author":1,"featured_media":1545,"parent":0,"menu_order":0,"comment_status":"closed","ping_status":"closed","template":"tezet-templates\/ogrzewanie.php","meta":[],"yoast_head":"<!-- This site is optimized with the Yoast SEO plugin v16.0.2 - https:\/\/yoast.com\/wordpress\/plugins\/seo\/ -->\n<title>TEZET - Heating<\/title>\n<link rel=\"canonical\" href=\"https:\/\/tezet.pl\/en\/ogrzewanie\/\" \/>\n<meta property=\"og:locale\" content=\"en_US\" \/>\n<meta property=\"og:type\" content=\"article\" \/>\n<meta property=\"og:title\" content=\"TEZET - Heating\" \/>\n<meta property=\"og:description\" content=\"Liquid gas (PROPAN) is an excellent source of energy for your home, office or business. Why use liquid gas? Convenient [&hellip;]\" \/>\n<meta property=\"og:url\" content=\"https:\/\/tezet.pl\/en\/ogrzewanie\/\" \/>\n<meta property=\"og:site_name\" content=\"TEZET\" \/>\n<meta property=\"article:publisher\" content=\"https:\/\/www.facebook.com\/ogrzewajpropanem\/\" \/>\n<meta property=\"article:modified_time\" content=\"2024-04-22T05:33:05+00:00\" \/>\n<meta property=\"og:image\" content=\"https:\/\/tezet.pl\/wp-content\/uploads\/2021\/01\/luty2020_2700-1.jpg\" \/>\n\t<meta property=\"og:image:width\" content=\"1824\" \/>\n\t<meta property=\"og:image:height\" content=\"1368\" \/>\n<meta name=\"twitter:card\" content=\"summary_large_image\" \/>\n<meta name=\"twitter:label1\" content=\"Est. reading time\">\n\t<meta name=\"twitter:data1\" content=\"2 minutes\">\n<script type=\"application\/ld+json\" class=\"yoast-schema-graph\">{\"@context\":\"https:\/\/schema.org\",\"@graph\":[{\"@type\":\"Organization\",\"@id\":\"https:\/\/tezet.pl\/#organization\",\"name\":\"TEZET\",\"url\":\"https:\/\/tezet.pl\/\",\"sameAs\":[\"https:\/\/www.facebook.com\/ogrzewajpropanem\/\",\"https:\/\/www.instagram.com\/ogrzewajpropanem\/\"],\"logo\":{\"@type\":\"ImageObject\",\"@id\":\"https:\/\/tezet.pl\/#logo\",\"inLanguage\":\"en-US\",\"url\":\"https:\/\/tezet.pl\/wp-content\/uploads\/2020\/09\/Favicon-1.png\",\"width\":500,\"height\":500,\"caption\":\"TEZET\"},\"image\":{\"@id\":\"https:\/\/tezet.pl\/#logo\"}},{\"@type\":\"WebSite\",\"@id\":\"https:\/\/tezet.pl\/#website\",\"url\":\"https:\/\/tezet.pl\/\",\"name\":\"TEZET\",\"description\":\"\",\"publisher\":{\"@id\":\"https:\/\/tezet.pl\/#organization\"},\"potentialAction\":[{\"@type\":\"SearchAction\",\"target\":\"https:\/\/tezet.pl\/?s={search_term_string}\",\"query-input\":\"required name=search_term_string\"}],\"inLanguage\":\"en-US\"},{\"@type\":\"ImageObject\",\"@id\":\"https:\/\/tezet.pl\/en\/ogrzewanie\/#primaryimage\",\"inLanguage\":\"en-US\",\"url\":\"https:\/\/tezet.pl\/wp-content\/uploads\/2021\/01\/luty2020_2700-1.jpg\",\"width\":1824,\"height\":1368,\"caption\":\"Cysterny Tezet\"},{\"@type\":\"WebPage\",\"@id\":\"https:\/\/tezet.pl\/en\/ogrzewanie\/#webpage\",\"url\":\"https:\/\/tezet.pl\/en\/ogrzewanie\/\",\"name\":\"TEZET - Heating\",\"isPartOf\":{\"@id\":\"https:\/\/tezet.pl\/#website\"},\"primaryImageOfPage\":{\"@id\":\"https:\/\/tezet.pl\/en\/ogrzewanie\/#primaryimage\"},\"datePublished\":\"2020-10-02T13:58:02+00:00\",\"dateModified\":\"2024-04-22T05:33:05+00:00\",\"breadcrumb\":{\"@id\":\"https:\/\/tezet.pl\/en\/ogrzewanie\/#breadcrumb\"},\"inLanguage\":\"en-US\",\"potentialAction\":[{\"@type\":\"ReadAction\",\"target\":[\"https:\/\/tezet.pl\/en\/ogrzewanie\/\"]}]},{\"@type\":\"BreadcrumbList\",\"@id\":\"https:\/\/tezet.pl\/en\/ogrzewanie\/#breadcrumb\",\"itemListElement\":[{\"@type\":\"ListItem\",\"position\":1,\"item\":{\"@type\":\"WebPage\",\"@id\":\"https:\/\/tezet.pl\/en\/\",\"url\":\"https:\/\/tezet.pl\/en\/\",\"name\":\"Home\"}},{\"@type\":\"ListItem\",\"position\":2,\"item\":{\"@type\":\"WebPage\",\"@id\":\"https:\/\/tezet.pl\/en\/ogrzewanie\/\",\"url\":\"https:\/\/tezet.pl\/en\/ogrzewanie\/\",\"name\":\"Heating\"}}]}]}<\/script>\n<!-- \/ Yoast SEO plugin. -->","_links":{"self":[{"href":"https:\/\/tezet.pl\/en\/wp-json\/wp\/v2\/pages\/1544"}],"collection":[{"href":"https:\/\/tezet.pl\/en\/wp-json\/wp\/v2\/pages"}],"about":[{"href":"https:\/\/tezet.pl\/en\/wp-json\/wp\/v2\/types\/page"}],"author":[{"embeddable":true,"href":"https:\/\/tezet.pl\/en\/wp-json\/wp\/v2\/users\/1"}],"replies":[{"embeddable":true,"href":"https:\/\/tezet.pl\/en\/wp-json\/wp\/v2\/comments?post=1544"}],"version-history":[{"count":3,"href":"https:\/\/tezet.pl\/en\/wp-json\/wp\/v2\/pages\/1544\/revisions"}],"predecessor-version":[{"id":2559,"href":"https:\/\/tezet.pl\/en\/wp-json\/wp\/v2\/pages\/1544\/revisions\/2559"}],"wp:featuredmedia":[{"embeddable":true,"href":"https:\/\/tezet.pl\/en\/wp-json\/wp\/v2\/media\/1545"}],"wp:attachment":[{"href":"https:\/\/tezet.pl\/en\/wp-json\/wp\/v2\/media?parent=1544"}],"curies":[{"name":"wp","href":"https:\/\/api.w.org\/{rel}","templated":true}]}}